{"id":121,"date":"2024-01-07T15:15:19","date_gmt":"2024-01-07T14:15:19","guid":{"rendered":"https:\/\/bouriche.fr\/index.php\/mesmerize\/"},"modified":"2025-09-21T16:09:12","modified_gmt":"2025-09-21T14:09:12","slug":"mesmerize","status":"publish","type":"page","link":"https:\/\/www.bouriche.fr\/","title":{"rendered":"Accueil"},"content":{"rendered":"","protected":true},"excerpt":{"rendered":"","protected":true},"author":1,"featured_media":0,"parent":0,"menu_order":0,"comment_status":"closed","ping_status":"closed","template":"page-templates\/homepage.php","meta":{"saved_in_kubio":true,"footnotes":""},"class_list":["post-121","page","type-page","status-publish","post-password-required","hentry"],"kubio_ai_page_context":{"short_desc":"","purpose":"general"},"yoast_head":"<!-- This site is optimized with the Yoast SEO plugin v26.6 - https:\/\/yoast.com\/wordpress\/plugins\/seo\/ -->\n<title>Accueil - Commandos d&#039;afrique mon p\u00e9re ce h\u00e9ros oubli\u00e9 et son r\u00e9giment des Tirailleurs!<\/title>\n<meta name=\"robots\" content=\"index, follow, max-snippet:-1, max-image-preview:large, max-video-preview:-1\" \/>\n<link rel=\"canonical\" href=\"https:\/\/www.bouriche.fr\/\" \/>\n<meta property=\"og:locale\" content=\"fr_FR\" \/>\n<meta property=\"og:type\" content=\"article\" \/>\n<meta property=\"og:title\" content=\"Accueil - Commandos d&#039;afrique mon p\u00e9re ce h\u00e9ros oubli\u00e9 et son r\u00e9giment des Tirailleurs!\" \/>\n<meta property=\"og:description\" content=\"Il n\u2019y a pas d\u2019extrait, car cette publication est prot\u00e9g\u00e9e.\" \/>\n<meta property=\"og:url\" content=\"https:\/\/www.bouriche.fr\/\" \/>\n<meta property=\"og:site_name\" content=\"Commandos d&#039;afrique mon p\u00e9re ce h\u00e9ros oubli\u00e9 et son r\u00e9giment des Tirailleurs!\" \/>\n<meta property=\"article:modified_time\" content=\"2025-09-21T14:09:12+00:00\" \/>\n<meta name=\"twitter:card\" content=\"summary_large_image\" \/>\n<script type=\"application\/ld+json\" class=\"yoast-schema-graph\">{\"@context\":\"https:\/\/schema.org\",\"@graph\":[{\"@type\":\"WebPage\",\"@id\":\"https:\/\/www.bouriche.fr\/\",\"url\":\"https:\/\/www.bouriche.fr\/\",\"name\":\"Accueil - Commandos d&#039;afrique mon p\u00e9re ce h\u00e9ros oubli\u00e9 et son r\u00e9giment des Tirailleurs!\",\"isPartOf\":{\"@id\":\"https:\/\/www.bouriche.fr\/#website\"},\"datePublished\":\"2024-01-07T14:15:19+00:00\",\"dateModified\":\"2025-09-21T14:09:12+00:00\",\"breadcrumb\":{\"@id\":\"https:\/\/www.bouriche.fr\/#breadcrumb\"},\"inLanguage\":\"fr-FR\"},{\"@type\":\"WebSite\",\"@id\":\"https:\/\/www.bouriche.fr\/#website\",\"url\":\"https:\/\/www.bouriche.fr\/\",\"name\":\"Commandos d'afrique mon p\u00e9re ce h\u00e9ros oubli\u00e9 et son r\u00e9giment des Tirailleurs!\",\"description\":\"Site personnel\",\"publisher\":{\"@id\":\"https:\/\/www.bouriche.fr\/#organization\"},\"potentialAction\":[{\"@type\":\"SearchAction\",\"target\":{\"@type\":\"EntryPoint\",\"urlTemplate\":\"https:\/\/www.bouriche.fr\/?s={search_term_string}\"},\"query-input\":{\"@type\":\"PropertyValueSpecification\",\"valueRequired\":true,\"valueName\":\"search_term_string\"}}],\"inLanguage\":\"fr-FR\"},{\"@type\":\"Organization\",\"@id\":\"https:\/\/www.bouriche.fr\/#organization\",\"name\":\"Commandos d'afrique mon p\u00e9re ce h\u00e9ros oubli\u00e9 et son r\u00e9giment des Tirailleurs!\",\"url\":\"https:\/\/www.bouriche.fr\/\",\"logo\":{\"@type\":\"ImageObject\",\"inLanguage\":\"fr-FR\",\"@id\":\"https:\/\/www.bouriche.fr\/#\/schema\/logo\/image\/\",\"url\":\"https:\/\/www.bouriche.fr\/wp-content\/uploads\/2024\/01\/ob_6c6409_monte-cassino-soldats-francais-1.jpeg\",\"contentUrl\":\"https:\/\/www.bouriche.fr\/wp-content\/uploads\/2024\/01\/ob_6c6409_monte-cassino-soldats-francais-1.jpeg\",\"width\":742,\"height\":579,\"caption\":\"Commandos d'afrique mon p\u00e9re ce h\u00e9ros oubli\u00e9 et son r\u00e9giment des Tirailleurs!\"},\"image\":{\"@id\":\"https:\/\/www.bouriche.fr\/#\/schema\/logo\/image\/\"}}]}<\/script>\n<!-- \/ Yoast SEO plugin. -->","yoast_head_json":{"title":"Accueil - Commandos d&#039;afrique mon p\u00e9re ce h\u00e9ros oubli\u00e9 et son r\u00e9giment des Tirailleurs!","robots":{"index":"index","follow":"follow","max-snippet":"max-snippet:-1","max-image-preview":"max-image-preview:large","max-video-preview":"max-video-preview:-1"},"canonical":"https:\/\/www.bouriche.fr\/","og_locale":"fr_FR","og_type":"article","og_title":"Accueil - Commandos d&#039;afrique mon p\u00e9re ce h\u00e9ros oubli\u00e9 et son r\u00e9giment des Tirailleurs!","og_description":"Il n\u2019y a pas d\u2019extrait, car cette publication est prot\u00e9g\u00e9e.","og_url":"https:\/\/www.bouriche.fr\/","og_site_name":"Commandos d&#039;afrique mon p\u00e9re ce h\u00e9ros oubli\u00e9 et son r\u00e9giment des Tirailleurs!","article_modified_time":"2025-09-21T14:09:12+00:00","twitter_card":"summary_large_image","schema":{"@context":"https:\/\/schema.org","@graph":[{"@type":"WebPage","@id":"https:\/\/www.bouriche.fr\/","url":"https:\/\/www.bouriche.fr\/","name":"Accueil - Commandos d&#039;afrique mon p\u00e9re ce h\u00e9ros oubli\u00e9 et son r\u00e9giment des Tirailleurs!","isPartOf":{"@id":"https:\/\/www.bouriche.fr\/#website"},"datePublished":"2024-01-07T14:15:19+00:00","dateModified":"2025-09-21T14:09:12+00:00","breadcrumb":{"@id":"https:\/\/www.bouriche.fr\/#breadcrumb"},"inLanguage":"fr-FR"},{"@type":"WebSite","@id":"https:\/\/www.bouriche.fr\/#website","url":"https:\/\/www.bouriche.fr\/","name":"Commandos d'afrique mon p\u00e9re ce h\u00e9ros oubli\u00e9 et son r\u00e9giment des Tirailleurs!","description":"Site personnel","publisher":{"@id":"https:\/\/www.bouriche.fr\/#organization"},"potentialAction":[{"@type":"SearchAction","target":{"@type":"EntryPoint","urlTemplate":"https:\/\/www.bouriche.fr\/?s={search_term_string}"},"query-input":{"@type":"PropertyValueSpecification","valueRequired":true,"valueName":"search_term_string"}}],"inLanguage":"fr-FR"},{"@type":"Organization","@id":"https:\/\/www.bouriche.fr\/#organization","name":"Commandos d'afrique mon p\u00e9re ce h\u00e9ros oubli\u00e9 et son r\u00e9giment des Tirailleurs!","url":"https:\/\/www.bouriche.fr\/","logo":{"@type":"ImageObject","inLanguage":"fr-FR","@id":"https:\/\/www.bouriche.fr\/#\/schema\/logo\/image\/","url":"https:\/\/www.bouriche.fr\/wp-content\/uploads\/2024\/01\/ob_6c6409_monte-cassino-soldats-francais-1.jpeg","contentUrl":"https:\/\/www.bouriche.fr\/wp-content\/uploads\/2024\/01\/ob_6c6409_monte-cassino-soldats-francais-1.jpeg","width":742,"height":579,"caption":"Commandos d'afrique mon p\u00e9re ce h\u00e9ros oubli\u00e9 et son r\u00e9giment des Tirailleurs!"},"image":{"@id":"https:\/\/www.bouriche.fr\/#\/schema\/logo\/image\/"}}]}},"jetpack_sharing_enabled":true,"_links":{"self":[{"href":"https:\/\/www.bouriche.fr\/index.php?rest_route=\/wp\/v2\/pages\/121","targetHints":{"allow":["GET"]}}],"collection":[{"href":"https:\/\/www.bouriche.fr\/index.php?rest_route=\/wp\/v2\/pages"}],"about":[{"href":"https:\/\/www.bouriche.fr\/index.php?rest_route=\/wp\/v2\/types\/page"}],"author":[{"embeddable":true,"href":"https:\/\/www.bouriche.fr\/index.php?rest_route=\/wp\/v2\/users\/1"}],"replies":[{"embeddable":true,"href":"https:\/\/www.bouriche.fr\/index.php?rest_route=%2Fwp%2Fv2%2Fcomments&post=121"}],"version-history":[{"count":12,"href":"https:\/\/www.bouriche.fr\/index.php?rest_route=\/wp\/v2\/pages\/121\/revisions"}],"predecessor-version":[{"id":425,"href":"https:\/\/www.bouriche.fr\/index.php?rest_route=\/wp\/v2\/pages\/121\/revisions\/425"}],"wp:attachment":[{"href":"https:\/\/www.bouriche.fr\/index.php?rest_route=%2Fwp%2Fv2%2Fmedia&parent=121"}],"curies":[{"name":"wp","href":"https:\/\/api.w.org\/{rel}","templated":true}]}}